{"id":17,"date":"2017-02-17T11:52:19","date_gmt":"2017-02-17T10:52:19","guid":{"rendered":"http:\/\/wordpress.feuerwehr-schwetzingen.de\/?page_id=17"},"modified":"2018-08-14T21:43:19","modified_gmt":"2018-08-14T19:43:19","slug":"hlf-106","status":"publish","type":"page","link":"https:\/\/www.feuerwehr-schwetzingen.de\/?page_id=17","title":{"rendered":"HLF 10"},"content":{"rendered":"ngg_shortcode_0_placeholder\n<table>\n<tr>\n<td><b><i>Rufname:<\/i><\/b><\/td>\n<td>Florian Schwetzingen 43<\/td>\n<\/tr>\n<tr>\n<td><b><i>Fahrgestell:<\/i><\/b><\/td>\n<td>Mercedes-benz Atego 1329 F<\/td>\n<\/tr>\n<tr>\n<td><b><i>Aufbauhersteller:<\/i><\/b><\/td>\n<td>Schlingmann<\/td>\n<\/tr>\n<tr>\n<td><b><i>Baujahr:<\/i><\/b><\/td>\n<td>2013<\/td>\n<\/tr>\n<\/table>\n<p><b><i>Beschreibung\/Verwendungszweck:<\/i><\/b><\/p>\n<p>Das HLF 10\/6 dient zur Brandbek\u00e4mpfung, F\u00f6rderung von L\u00f6schwasser und zur Durchf\u00fchrung technischer Hilfeleistungen. Die Besatzung besteht aus 9 Feuerwehrangeh\u00f6rigen<\/p>\n<p><b><i>Beladung\/ Ausstattung (Auszug):<\/i><\/b><\/p>\n<ul>\n<li>Feuerl\u00f6schkreiselpumpe FPN 10-2000 mit einer Leistung von 2000 l\/min<\/li>\n<li>Tank mit 1600 Liter Wasser<\/li>\n<li>4 Pressluftatmer Interspiro QS mit Compositflaschen 6,8 l im Mannschaftsraum<\/li>\n<li>6 Handfunkger\u00e4te Motorola GP 360-11b<\/li>\n<li>8 Handlampen Adalit L-3000<\/li>\n<li>1 W\u00e4rmebildkamera Bullard Eclipse<\/li>\n<li>1 Multi-Gaswarnger\u00e4t MSA Altair<\/li>\n<li>1 Kohlendioxid-Feuerl\u00f6scher<\/li>\n<li>1 Hochdruckfeuerl\u00f6scher &#8222;Hipress&#8220; der Firma Auer mit AFFF<\/li>\n<li>2 &#8222;Halligan-Tools&#8220;<\/li>\n<li>1 &#8222;Fat Max Fubar II&#8220;<\/li>\n<li>\u00dcberdruckl\u00fcfter Leader MT 236 ETP<\/li>\n<li>Stromerzeuger Endress 1304 DBG ES 13kVA<\/li>\n<li>Lichtmast mit 4 24V Xenon-Scheinwerfern<\/li>\n<li>Hydraulikaggregat Weber E 50 T SAH 20 m<\/li>\n<li>Kombiger\u00e4t Weber SPS 200<\/li>\n<li>Rettungszylinder RZT3-1310-XL<\/li>\n<li>1 Lkw-Rettungsplattform<\/li>\n<li>Rettungsmotors\u00e4ge Stihl MS 440<\/li>\n<li>TwinsSaw CRE 2326<\/li>\n<li>1 S\u00e4bels\u00e4ge<\/li>\n<li>Motorkettens\u00e4ge Stihl<\/li>\n<li>4 Tragek\u00f6rbe C<\/li>\n<li>1 Tragekorb D<\/li>\n<li>2 Schlauchpakete<\/li>\n<li>Nebell\u00f6schger\u00e4t<\/li>\n<li>Rauchvorhang<\/li>\n<li>Satz Absturzsicherung<\/li>\n<li>Sprungretter Lorsbach<\/li>\n<li>Tauchpumpe Chiemsee<\/li>\n<li>1 Notfallrucksack<\/li>\n<\/ul>\n","protected":false},"excerpt":{"rendered":"<p>&#8220; order_by=&#8220;sortorder&#8220; order_direction=&#8220;ASC&#8220; returns=&#8220;included&#8220; maximum_entity_count=&#8220;500&#8243;] Rufname: Florian Schwetzingen 43 Fahrgestell: Mercedes-benz Atego 1329 F Aufbauhersteller: Schlingmann Baujahr: 2013 Beschreibung\/Verwendungszweck: Das HLF 10\/6 dient zur Brandbek\u00e4mpfung, F\u00f6rderung von L\u00f6schwasser und zur Durchf\u00fchrung technischer Hilfeleistungen. Die Besatzung besteht aus 9 Feuerwehrangeh\u00f6rigen Beladung\/ Ausstattung (Auszug): Feuerl\u00f6schkreiselpumpe FPN 10-2000 mit einer Leistung von 2000 l\/min Tank mit 1600 Liter &hellip; <\/p>\n<p class=\"link-more\"><a href=\"https:\/\/www.feuerwehr-schwetzingen.de\/?page_id=17\" class=\"more-link\"><span class=\"screen-reader-text\">\u201eHLF 10\u201c<\/span> weiterlesen<\/a><\/p>\n","protected":false},"author":1,"featured_media":0,"parent":0,"menu_order":0,"comment_status":"closed","ping_status":"closed","template":"","meta":{"ngg_post_thumbnail":0,"footnotes":""},"class_list":["post-17","page","type-page","status-publish","hentry"],"_links":{"self":[{"href":"https:\/\/www.feuerwehr-schwetzingen.de\/index.php?rest_route=\/wp\/v2\/pages\/17","targetHints":{"allow":["GET"]}}],"collection":[{"href":"https:\/\/www.feuerwehr-schwetzingen.de\/index.php?rest_route=\/wp\/v2\/pages"}],"about":[{"href":"https:\/\/www.feuerwehr-schwetzingen.de\/index.php?rest_route=\/wp\/v2\/types\/page"}],"author":[{"embeddable":true,"href":"https:\/\/www.feuerwehr-schwetzingen.de\/index.php?rest_route=\/wp\/v2\/users\/1"}],"replies":[{"embeddable":true,"href":"https:\/\/www.feuerwehr-schwetzingen.de\/index.php?rest_route=%2Fwp%2Fv2%2Fcomments&post=17"}],"version-history":[{"count":8,"href":"https:\/\/www.feuerwehr-schwetzingen.de\/index.php?rest_route=\/wp\/v2\/pages\/17\/revisions"}],"predecessor-version":[{"id":27691,"href":"https:\/\/www.feuerwehr-schwetzingen.de\/index.php?rest_route=\/wp\/v2\/pages\/17\/revisions\/27691"}],"wp:attachment":[{"href":"https:\/\/www.feuerwehr-schwetzingen.de\/index.php?rest_route=%2Fwp%2Fv2%2Fmedia&parent=17"}],"curies":[{"name":"wp","href":"https:\/\/api.w.org\/{rel}","templated":true}]}}