{"id":26,"date":"2017-02-17T11:57:50","date_gmt":"2017-02-17T10:57:50","guid":{"rendered":"http:\/\/wordpress.feuerwehr-schwetzingen.de\/?page_id=26"},"modified":"2019-10-07T13:09:48","modified_gmt":"2019-10-07T11:09:48","slug":"swz46","status":"publish","type":"page","link":"https:\/\/www.feuerwehr-schwetzingen.de\/?page_id=26","title":{"rendered":"HLF 20\/16"},"content":{"rendered":"ngg_shortcode_0_placeholder\n<table>\n<tr>\n<td><b><i>Rufname:<\/i><\/b><\/td>\n<td>Florian Schwetzingen 46<\/td>\n<\/tr>\n<tr>\n<td><b><i>Fahrgestell:<\/i><\/b><\/td>\n<td>MAN TGM 15 280<\/td>\n<\/tr>\n<tr>\n<td><b><i>Aufbauhersteller:<\/i><\/b><\/td>\n<td>Schlingmann<\/td>\n<\/tr>\n<tr>\n<td><b><i>Baujahr:<\/i><\/b><\/td>\n<td>2009<\/td>\n<\/tr>\n<\/table>\n<p><b><i>Beschreibung\/Verwendungszweck:<\/i><\/b><\/p>\n<p>Das HLF 20\/16 dient zur Brandbek\u00e4mpfung, F\u00f6rderung von L\u00f6schwasser und zur Durchf\u00fchrung technischer Hilfeleistungen. Die Besatzung besteht aus 9 Feuerwehrangeh\u00f6rigen<\/p>\n<p><b><i>Beladung\/ Ausstattung (Auszug):<\/i><\/b><\/p>\n<ul>\n<li>Feuerl\u00f6schkreiselpumpe mit einer Leistung von 2000 l\/min<\/li>\n<li>Tank mit 1600 Liter Wasser<\/li>\n<li>6 Pressluftatmer Interspiro QS mit Compositflaschen 6,8 l, davon 4 im Mannschaftsraum<\/li>\n<li>6 Handfunkger\u00e4te Motorola GP 360-11b<\/li>\n<li>8 Handlampen Adalit L 3000<\/li>\n<li>1 W\u00e4rmebildkamera Dr\u00e4ger UCF1600 ThermoScan<\/li>\n<li>1 Multi-Gaswarnger\u00e4t MSA Solaris<\/li>\n<li>1 Kohlendioxid-Feuerl\u00f6scher<\/li>\n<li>1 Hochdruckfeuerl\u00f6scher &#8222;Hipress&#8220; der Firma Auer mit AFFF<\/li>\n<li>2 &#8222;Halligan-Tools&#8220;<\/li>\n<li>1 &#8222;Fat Max Fubar II&#8220;<\/li>\n<li>Hitzeschutzbekleidung<\/li>\n<li>Leichte Schutzanz\u00fcge<\/li>\n<li>Stromerzeuger Endress 13kVA<\/li>\n<li>Hydraulikaggregat Weber E 50-T+SAH20<\/li>\n<li>Hydraulischer Spreizer Weber SP 49<\/li>\n<li>Hydraulisches Schneidger\u00e4t Weber RS 170-105<\/li>\n<li>Hydraulisches Schneidger\u00e4t Weber S 50-14<\/li>\n<li>Hydraulikzylinder Weber RZ 1-850<\/li>\n<li>Hydraulikzylinder Weber RZ 2-1290<\/li>\n<li>Hydraulikzylinder Weber RZ 3-1640<\/li>\n<li>1 Lkw-Rettungsplattform<\/li>\n<li>2 Multifunktionsleiter (inkl. Adapter zur Verwendung als Bockleiter<\/li>\n<li>Lichtmast mit 6 24V Xenon-Scheinwerfern<\/li>\n<li>\u00dcberdruckl\u00fcfter Leader (mit Elektromotor)<\/li>\n<li>Set Luftheber<\/li>\n<li>Dichtkissen<\/li>\n<li>2 Hydraulische Winden 100 kN<\/li>\n<li>1 Motorkettens\u00e4ge Stihl MS 440<\/li>\n<li>1 Motortrennschleifer Stihl TS 410<\/li>\n<li>1 Rettungss\u00e4ge Stihl MS 460 RHD<\/li>\n<li>5 Tragek\u00f6rbe C<\/li>\n<li>1 Schlauchpaket<\/li>\n<li>Leader &#8222;Partner&#8220; oszillierender Wasserwerfer bis 2000 l\/min<\/li>\n<li>1 Minichiemseepumpe<\/li>\n<li>1 Fl\u00fcssigkeitssauger<\/li>\n<li>1 Notfallrucksack<\/li>\n<\/ul>\n","protected":false},"excerpt":{"rendered":"<p>&#8220; order_by=&#8220;sortorder&#8220; order_direction=&#8220;ASC&#8220; returns=&#8220;included&#8220; maximum_entity_count=&#8220;500&#8243;] Rufname: Florian Schwetzingen 46 Fahrgestell: MAN TGM 15 280 Aufbauhersteller: Schlingmann Baujahr: 2009 Beschreibung\/Verwendungszweck: Das HLF 20\/16 dient zur Brandbek\u00e4mpfung, F\u00f6rderung von L\u00f6schwasser und zur Durchf\u00fchrung technischer Hilfeleistungen. Die Besatzung besteht aus 9 Feuerwehrangeh\u00f6rigen Beladung\/ Ausstattung (Auszug): Feuerl\u00f6schkreiselpumpe mit einer Leistung von 2000 l\/min Tank mit 1600 Liter Wasser 6 &hellip; <\/p>\n<p class=\"link-more\"><a href=\"https:\/\/www.feuerwehr-schwetzingen.de\/?page_id=26\" class=\"more-link\"><span class=\"screen-reader-text\">\u201eHLF 20\/16\u201c<\/span> weiterlesen<\/a><\/p>\n","protected":false},"author":1,"featured_media":0,"parent":0,"menu_order":0,"comment_status":"closed","ping_status":"closed","template":"","meta":{"ngg_post_thumbnail":0,"footnotes":""},"class_list":["post-26","page","type-page","status-publish","hentry"],"_links":{"self":[{"href":"https:\/\/www.feuerwehr-schwetzingen.de\/index.php?rest_route=\/wp\/v2\/pages\/26","targetHints":{"allow":["GET"]}}],"collection":[{"href":"https:\/\/www.feuerwehr-schwetzingen.de\/index.php?rest_route=\/wp\/v2\/pages"}],"about":[{"href":"https:\/\/www.feuerwehr-schwetzingen.de\/index.php?rest_route=\/wp\/v2\/types\/page"}],"author":[{"embeddable":true,"href":"https:\/\/www.feuerwehr-schwetzingen.de\/index.php?rest_route=\/wp\/v2\/users\/1"}],"replies":[{"embeddable":true,"href":"https:\/\/www.feuerwehr-schwetzingen.de\/index.php?rest_route=%2Fwp%2Fv2%2Fcomments&post=26"}],"version-history":[{"count":5,"href":"https:\/\/www.feuerwehr-schwetzingen.de\/index.php?rest_route=\/wp\/v2\/pages\/26\/revisions"}],"predecessor-version":[{"id":27692,"href":"https:\/\/www.feuerwehr-schwetzingen.de\/index.php?rest_route=\/wp\/v2\/pages\/26\/revisions\/27692"}],"wp:attachment":[{"href":"https:\/\/www.feuerwehr-schwetzingen.de\/index.php?rest_route=%2Fwp%2Fv2%2Fmedia&parent=26"}],"curies":[{"name":"wp","href":"https:\/\/api.w.org\/{rel}","templated":true}]}}