{"id":27249,"date":"2017-11-04T22:25:19","date_gmt":"2017-11-04T21:25:19","guid":{"rendered":"http:\/\/wordpress.feuerwehr-schwetzingen.de\/?page_id=27249"},"modified":"2023-12-14T10:31:35","modified_gmt":"2023-12-14T09:31:35","slug":"oeffentlichkeitsarbeit","status":"publish","type":"page","link":"https:\/\/www.feuerwehr-schwetzingen.de\/?page_id=27249","title":{"rendered":"\u00d6ffentlichkeitsarbeit"},"content":{"rendered":"<p align=\"JUSTIFY\">Das Internetangebot der Freiwilligen Feuerwehr Schwetzingen wird vom Arbeitskreis \u00d6ffentlichkeitsarbeit betreut. Neben der Gestaltung der Homepage wird die \u00d6ffentlichkeitsarbeit koordiniert und gesteuert. Die Presse wird, wenn nicht vor Ort, zeitnah nach besonderen Eins\u00e4tzen Informiert.<br \/>\nF\u00fcr die \u00d6ffentlichkeitsarbeit steht neben allen erforderlichen Kommunikationsmitteln eine Kameraausr\u00fcstung zur Verf\u00fcgung, die auch zu Dokumentationszwecken verwendet wird. Durch die Ausstattung mit einer Digitalkamera besteht seit 2001 die M\u00f6glichkeit der Presse Einsatzbilder kurzfristig in elektronischer Form zur Verf\u00fcgung zu stellen.<\/p>\n<p align=\"JUSTIFY\">Ziel der \u00d6ffentlichkeitsarbeit ist es \u00fcber alle verf\u00fcgbaren Medien die Arbeit der Freiwilligen Feuerwehr Schwetzingen wirksam zu publizieren um somit die umfangreichen T\u00e4tigkeiten einer freiwilligen Feuerwehr der Bev\u00f6lkerung n\u00e4herzubringen und neue Mitglieder zu werben.<\/p>\n<p>F\u00fcr Anfragen zur Pressearbeit bitte an folgende E-Mail-Adresse wenden:<br \/>\npresse (a) feuerwehr-schwetzingen.de<\/p>\n","protected":false},"excerpt":{"rendered":"<p>Das Internetangebot der Freiwilligen Feuerwehr Schwetzingen wird vom Arbeitskreis \u00d6ffentlichkeitsarbeit betreut. Neben der Gestaltung der Homepage wird die \u00d6ffentlichkeitsarbeit koordiniert und gesteuert. Die Presse wird, wenn nicht vor Ort, zeitnah nach besonderen Eins\u00e4tzen Informiert. F\u00fcr die \u00d6ffentlichkeitsarbeit steht neben allen erforderlichen Kommunikationsmitteln eine Kameraausr\u00fcstung zur Verf\u00fcgung, die auch zu Dokumentationszwecken verwendet wird. Durch die Ausstattung &hellip; <\/p>\n<p class=\"link-more\"><a href=\"https:\/\/www.feuerwehr-schwetzingen.de\/?page_id=27249\" class=\"more-link\"><span class=\"screen-reader-text\">\u201e\u00d6ffentlichkeitsarbeit\u201c<\/span> weiterlesen<\/a><\/p>\n","protected":false},"author":1,"featured_media":0,"parent":0,"menu_order":0,"comment_status":"closed","ping_status":"closed","template":"","meta":{"ngg_post_thumbnail":0,"footnotes":""},"class_list":["post-27249","page","type-page","status-publish","hentry"],"_links":{"self":[{"href":"https:\/\/www.feuerwehr-schwetzingen.de\/index.php?rest_route=\/wp\/v2\/pages\/27249","targetHints":{"allow":["GET"]}}],"collection":[{"href":"https:\/\/www.feuerwehr-schwetzingen.de\/index.php?rest_route=\/wp\/v2\/pages"}],"about":[{"href":"https:\/\/www.feuerwehr-schwetzingen.de\/index.php?rest_route=\/wp\/v2\/types\/page"}],"author":[{"embeddable":true,"href":"https:\/\/www.feuerwehr-schwetzingen.de\/index.php?rest_route=\/wp\/v2\/users\/1"}],"replies":[{"embeddable":true,"href":"https:\/\/www.feuerwehr-schwetzingen.de\/index.php?rest_route=%2Fwp%2Fv2%2Fcomments&post=27249"}],"version-history":[{"count":6,"href":"https:\/\/www.feuerwehr-schwetzingen.de\/index.php?rest_route=\/wp\/v2\/pages\/27249\/revisions"}],"predecessor-version":[{"id":788432,"href":"https:\/\/www.feuerwehr-schwetzingen.de\/index.php?rest_route=\/wp\/v2\/pages\/27249\/revisions\/788432"}],"wp:attachment":[{"href":"https:\/\/www.feuerwehr-schwetzingen.de\/index.php?rest_route=%2Fwp%2Fv2%2Fmedia&parent=27249"}],"curies":[{"name":"wp","href":"https:\/\/api.w.org\/{rel}","templated":true}]}}