{"id":27704,"date":"2018-08-14T21:50:38","date_gmt":"2018-08-14T19:50:38","guid":{"rendered":"http:\/\/wordpress.feuerwehr-schwetzingen.de\/?page_id=27704"},"modified":"2018-08-14T21:50:38","modified_gmt":"2018-08-14T19:50:38","slug":"lf-16-ausser-dienst","status":"publish","type":"page","link":"https:\/\/www.feuerwehr-schwetzingen.de\/?page_id=27704","title":{"rendered":"LF 16 (au\u00dfer Dienst)"},"content":{"rendered":"ngg_shortcode_0_placeholder\n<table>\n<tbody>\n<tr>\n<td><b><i>Rufname:<\/i><\/b><\/td>\n<td>Florian Schwetzingen 44\/2<\/td>\n<\/tr>\n<tr>\n<td><b><i>Fahrgestell:<\/i><\/b><\/td>\n<td>Mercedes Benz 1017<\/td>\n<\/tr>\n<tr>\n<td><b><i>Aufbauhersteller:<\/i><\/b><\/td>\n<td>Metz<\/td>\n<\/tr>\n<tr>\n<td><b><i>Baujahr:<\/i><\/b><\/td>\n<td>1978<\/td>\n<\/tr>\n<tr>\n<td><b><i>Au\u00dferdienststellung:<\/i><\/b><\/td>\n<td>2012<\/td>\n<\/tr>\n<\/tbody>\n<\/table>\n<p><b><i>Beschreibung \/ Verwendungszweck:<\/i><\/b><\/p>\n<p>L\u00f6schgruppenfahrzeuge vom Typ LF 16 werden vornehmlich zur Brandbek\u00e4mpfung, zur F\u00f6rderung von L\u00f6schwasser und zur Durchf\u00fchrung von Hilfeleistungen kleineren Umfangs verwendet. Die Besatzung besteht aus 9 Feuerwehrangeh\u00f6rigen.<\/p>\n<p><b><i>Beladung \/ Ausstattung:<\/i><\/b><\/p>\n<ul>\n<li>Feuerl\u00f6schkreiselpumpe mit einer Leistung von 1600 l\/min<\/li>\n<li>Tank mit 800 Liter Wasser<\/li>\n<li>4 Pressluftatmer<\/li>\n<li>tragbarer Wasserwerfer<\/li>\n<li>Stromerzeuger 5kVA<\/li>\n<li>1 Motorkettens\u00e4ge<\/li>\n<li>1 Elektrotauchpumpe<\/li>\n<\/ul>\n","protected":false},"excerpt":{"rendered":"<p>&#8220; order_by=&#8220;sortorder&#8220; order_direction=&#8220;ASC&#8220; returns=&#8220;included&#8220; maximum_entity_count=&#8220;500&#8243;] Rufname: Florian Schwetzingen 44\/2 Fahrgestell: Mercedes Benz 1017 Aufbauhersteller: Metz Baujahr: 1978 Au\u00dferdienststellung: 2012 Beschreibung \/ Verwendungszweck: L\u00f6schgruppenfahrzeuge vom Typ LF 16 werden vornehmlich zur Brandbek\u00e4mpfung, zur F\u00f6rderung von L\u00f6schwasser und zur Durchf\u00fchrung von Hilfeleistungen kleineren Umfangs verwendet. Die Besatzung besteht aus 9 Feuerwehrangeh\u00f6rigen. Beladung \/ Ausstattung: Feuerl\u00f6schkreiselpumpe mit einer &hellip; <\/p>\n<p class=\"link-more\"><a href=\"https:\/\/www.feuerwehr-schwetzingen.de\/?page_id=27704\" class=\"more-link\"><span class=\"screen-reader-text\">\u201eLF 16 (au\u00dfer Dienst)\u201c<\/span> weiterlesen<\/a><\/p>\n","protected":false},"author":1,"featured_media":0,"parent":0,"menu_order":0,"comment_status":"closed","ping_status":"closed","template":"","meta":{"ngg_post_thumbnail":0,"footnotes":""},"class_list":["post-27704","page","type-page","status-publish","hentry"],"_links":{"self":[{"href":"https:\/\/www.feuerwehr-schwetzingen.de\/index.php?rest_route=\/wp\/v2\/pages\/27704","targetHints":{"allow":["GET"]}}],"collection":[{"href":"https:\/\/www.feuerwehr-schwetzingen.de\/index.php?rest_route=\/wp\/v2\/pages"}],"about":[{"href":"https:\/\/www.feuerwehr-schwetzingen.de\/index.php?rest_route=\/wp\/v2\/types\/page"}],"author":[{"embeddable":true,"href":"https:\/\/www.feuerwehr-schwetzingen.de\/index.php?rest_route=\/wp\/v2\/users\/1"}],"replies":[{"embeddable":true,"href":"https:\/\/www.feuerwehr-schwetzingen.de\/index.php?rest_route=%2Fwp%2Fv2%2Fcomments&post=27704"}],"version-history":[{"count":2,"href":"https:\/\/www.feuerwehr-schwetzingen.de\/index.php?rest_route=\/wp\/v2\/pages\/27704\/revisions"}],"predecessor-version":[{"id":27706,"href":"https:\/\/www.feuerwehr-schwetzingen.de\/index.php?rest_route=\/wp\/v2\/pages\/27704\/revisions\/27706"}],"wp:attachment":[{"href":"https:\/\/www.feuerwehr-schwetzingen.de\/index.php?rest_route=%2Fwp%2Fv2%2Fmedia&parent=27704"}],"curies":[{"name":"wp","href":"https:\/\/api.w.org\/{rel}","templated":true}]}}