{"id":27707,"date":"2018-08-14T21:52:36","date_gmt":"2018-08-14T19:52:36","guid":{"rendered":"http:\/\/wordpress.feuerwehr-schwetzingen.de\/?page_id=27707"},"modified":"2018-08-14T21:52:36","modified_gmt":"2018-08-14T19:52:36","slug":"mtw-2-ausser-dienst","status":"publish","type":"page","link":"https:\/\/www.feuerwehr-schwetzingen.de\/?page_id=27707","title":{"rendered":"MTW 2 (au\u00dfer Dienst)"},"content":{"rendered":"ngg_shortcode_0_placeholder\n<table>\n<tbody>\n<tr>\n<td><b><i>Rufname:<\/i><\/b><\/td>\n<td>Florian Schwetzingen 19\/2<\/td>\n<\/tr>\n<tr>\n<td><b><i>Fahrgestell:<\/i><\/b><\/td>\n<td>VW Golf Variant, TDI<\/td>\n<\/tr>\n<tr>\n<td><b><i>Baujahr:<\/i><\/b><\/td>\n<td>1996<\/td>\n<\/tr>\n<tr>\n<td><b><i>Au\u00dferdienststellung:<\/i><\/b><\/td>\n<td>2011<\/td>\n<\/tr>\n<\/tbody>\n<\/table>\n<p><b><i>Beschreibung \/ Verwendungszweck:<\/i><\/b><\/p>\n<p>Der Mannschaftstransportwagen dient zur Bef\u00f6rderung von Einsatzkr\u00e4ften und kleinerem Ger\u00e4t.<\/p>\n<p><b><i>Beladung \/ Ausstattung:<\/i><\/b><\/p>\n<ul>\n<li>Navigationsger\u00e4t<\/li>\n<li>Feuerl\u00f6scher<\/li>\n<\/ul>\n","protected":false},"excerpt":{"rendered":"<p>&#8220; order_by=&#8220;sortorder&#8220; order_direction=&#8220;ASC&#8220; returns=&#8220;included&#8220; maximum_entity_count=&#8220;500&#8243;] Rufname: Florian Schwetzingen 19\/2 Fahrgestell: VW Golf Variant, TDI Baujahr: 1996 Au\u00dferdienststellung: 2011 Beschreibung \/ Verwendungszweck: Der Mannschaftstransportwagen dient zur Bef\u00f6rderung von Einsatzkr\u00e4ften und kleinerem Ger\u00e4t. Beladung \/ Ausstattung: Navigationsger\u00e4t Feuerl\u00f6scher<\/p>\n","protected":false},"author":1,"featured_media":0,"parent":0,"menu_order":0,"comment_status":"closed","ping_status":"closed","template":"","meta":{"ngg_post_thumbnail":0,"footnotes":""},"class_list":["post-27707","page","type-page","status-publish","hentry"],"_links":{"self":[{"href":"https:\/\/www.feuerwehr-schwetzingen.de\/index.php?rest_route=\/wp\/v2\/pages\/27707","targetHints":{"allow":["GET"]}}],"collection":[{"href":"https:\/\/www.feuerwehr-schwetzingen.de\/index.php?rest_route=\/wp\/v2\/pages"}],"about":[{"href":"https:\/\/www.feuerwehr-schwetzingen.de\/index.php?rest_route=\/wp\/v2\/types\/page"}],"author":[{"embeddable":true,"href":"https:\/\/www.feuerwehr-schwetzingen.de\/index.php?rest_route=\/wp\/v2\/users\/1"}],"replies":[{"embeddable":true,"href":"https:\/\/www.feuerwehr-schwetzingen.de\/index.php?rest_route=%2Fwp%2Fv2%2Fcomments&post=27707"}],"version-history":[{"count":1,"href":"https:\/\/www.feuerwehr-schwetzingen.de\/index.php?rest_route=\/wp\/v2\/pages\/27707\/revisions"}],"predecessor-version":[{"id":27708,"href":"https:\/\/www.feuerwehr-schwetzingen.de\/index.php?rest_route=\/wp\/v2\/pages\/27707\/revisions\/27708"}],"wp:attachment":[{"href":"https:\/\/www.feuerwehr-schwetzingen.de\/index.php?rest_route=%2Fwp%2Fv2%2Fmedia&parent=27707"}],"curies":[{"name":"wp","href":"https:\/\/api.w.org\/{rel}","templated":true}]}}