{"id":27721,"date":"2018-08-14T22:01:30","date_gmt":"2018-08-14T20:01:30","guid":{"rendered":"http:\/\/wordpress.feuerwehr-schwetzingen.de\/?page_id=27721"},"modified":"2018-08-14T22:02:06","modified_gmt":"2018-08-14T20:02:06","slug":"pc-250g","status":"publish","type":"page","link":"https:\/\/www.feuerwehr-schwetzingen.de\/?page_id=27721","title":{"rendered":"PC 250G"},"content":{"rendered":"ngg_shortcode_0_placeholder\n<table>\n<tbody>\n<tr>\n<td><b><i>Rufname:<\/i><\/b><\/td>\n<td>&#8211;<\/td>\n<\/tr>\n<tr>\n<td><b><i>Fahrgestell:<\/i><\/b><\/td>\n<td>&#8211;<\/td>\n<\/tr>\n<tr>\n<td><b><i>Aufbauhersteller:<\/i><\/b><\/td>\n<td>Gloria<\/td>\n<\/tr>\n<tr>\n<td><b><i>Baujahr:<\/i><\/b><\/td>\n<td>2007<\/td>\n<\/tr>\n<\/tbody>\n<\/table>\n<p><b><i>Beschreibung\/Verwendungszweck:<\/i><\/b><\/p>\n<p>Es handelt sich um einen Anh\u00e4nger mit einem Container PC 250G mit 250 kg ABC-L\u00f6schpulver. Der Anh\u00e4nger wird haupts\u00e4chlich bei<br \/>\nGefahrgut-Eins\u00e4tzen zur Sicherstellung des Brandsachutzes eingesetzt.<\/p>\n","protected":false},"excerpt":{"rendered":"<p>&#8220; order_by=&#8220;sortorder&#8220; order_direction=&#8220;ASC&#8220; returns=&#8220;included&#8220; maximum_entity_count=&#8220;500&#8243;] Rufname: &#8211; Fahrgestell: &#8211; Aufbauhersteller: Gloria Baujahr: 2007 Beschreibung\/Verwendungszweck: Es handelt sich um einen Anh\u00e4nger mit einem Container PC 250G mit 250 kg ABC-L\u00f6schpulver. Der Anh\u00e4nger wird haupts\u00e4chlich bei Gefahrgut-Eins\u00e4tzen zur Sicherstellung des Brandsachutzes eingesetzt.<\/p>\n","protected":false},"author":1,"featured_media":0,"parent":0,"menu_order":0,"comment_status":"closed","ping_status":"closed","template":"","meta":{"ngg_post_thumbnail":0,"footnotes":""},"class_list":["post-27721","page","type-page","status-publish","hentry"],"_links":{"self":[{"href":"https:\/\/www.feuerwehr-schwetzingen.de\/index.php?rest_route=\/wp\/v2\/pages\/27721","targetHints":{"allow":["GET"]}}],"collection":[{"href":"https:\/\/www.feuerwehr-schwetzingen.de\/index.php?rest_route=\/wp\/v2\/pages"}],"about":[{"href":"https:\/\/www.feuerwehr-schwetzingen.de\/index.php?rest_route=\/wp\/v2\/types\/page"}],"author":[{"embeddable":true,"href":"https:\/\/www.feuerwehr-schwetzingen.de\/index.php?rest_route=\/wp\/v2\/users\/1"}],"replies":[{"embeddable":true,"href":"https:\/\/www.feuerwehr-schwetzingen.de\/index.php?rest_route=%2Fwp%2Fv2%2Fcomments&post=27721"}],"version-history":[{"count":3,"href":"https:\/\/www.feuerwehr-schwetzingen.de\/index.php?rest_route=\/wp\/v2\/pages\/27721\/revisions"}],"predecessor-version":[{"id":27724,"href":"https:\/\/www.feuerwehr-schwetzingen.de\/index.php?rest_route=\/wp\/v2\/pages\/27721\/revisions\/27724"}],"wp:attachment":[{"href":"https:\/\/www.feuerwehr-schwetzingen.de\/index.php?rest_route=%2Fwp%2Fv2%2Fmedia&parent=27721"}],"curies":[{"name":"wp","href":"https:\/\/api.w.org\/{rel}","templated":true}]}}