{"id":27725,"date":"2018-08-14T22:04:12","date_gmt":"2018-08-14T20:04:12","guid":{"rendered":"http:\/\/wordpress.feuerwehr-schwetzingen.de\/?page_id=27725"},"modified":"2018-08-14T22:04:12","modified_gmt":"2018-08-14T20:04:12","slug":"rw-2-ausser-dienst","status":"publish","type":"page","link":"https:\/\/www.feuerwehr-schwetzingen.de\/?page_id=27725","title":{"rendered":"RW 2 (au\u00dfer Dienst)"},"content":{"rendered":"ngg_shortcode_0_placeholder\n<table>\n<tbody>\n<tr>\n<td><b><i>Rufname:<\/i><\/b><\/td>\n<td>Florian Schwetzingen 52<\/td>\n<\/tr>\n<tr>\n<td><b><i>Fahrgestell:<\/i><\/b><\/td>\n<td>Mercedes Benz 1019<\/td>\n<\/tr>\n<tr>\n<td><b><i>Aufbauhersteller:<\/i><\/b><\/td>\n<td>Metz<\/td>\n<\/tr>\n<tr>\n<td><b><i>Baujahr:<\/i><\/b><\/td>\n<td>1982<\/td>\n<\/tr>\n<tr>\n<td><b><i>Au\u00dferdienststellung:<\/i><\/b><\/td>\n<td>2010<\/td>\n<\/tr>\n<\/tbody>\n<\/table>\n<p><b><i>Beschreibung \/ Verwendungszweck:<\/i><\/b><\/p>\n<p>R\u00fcstwagen vom Typ RW 2 stellen die Ausr\u00fcstung f\u00fcr nahezu alle technischen Hilfeleistungen bereit, auch im gr\u00f6\u00dferen Umfang erforderliche Ger\u00e4te und fest eingebaute maschinelle Hilfsmittel. Die Besatzung besteht aus 3 Feuerwehrangeh\u00f6rigen.<\/p>\n<p><b><i>Beladung \/ Ausstattung:<\/i><\/b><\/p>\n<ul>\n<li>maschinelle Zugeinrichtung mit 50 kN<\/li>\n<li>Generator 20kVA (vom Fahrzeugmotor angetrieben)<\/li>\n<li>Lichtmast, auf 7 m H\u00f6he ausfahrbar, mit 2 Stahlern \u00e0 1000 Watt<\/li>\n<li>Spreizer SP30<\/li>\n<li>Spreizer SP45<\/li>\n<li>Schneidger\u00e4t S90<\/li>\n<li>4 Rettungszylinder unterschiedlicher Gr\u00f6ssen<\/li>\n<li>2 Hydraulikaggregate<\/li>\n<li>2 Arbeitsplattformen<\/li>\n<li>Koffer Glasmanagement<\/li>\n<li>Koffer Patientenschutz<\/li>\n<li>Motortrennschleifer<\/li>\n<li>2 Motorkettens\u00e4gen<\/li>\n<li>Hebekissen (Mitteldruck und Niederdruck) in verschiedenen Gr\u00f6\u00dfen<\/li>\n<li>Gully-Ei<\/li>\n<li>Schlauchboot<\/li>\n<li>Be- und Entl\u00fcftungsger\u00e4t mit Leichtschaumvorsatz<\/li>\n<li>3 Pressluftatmer<\/li>\n<li>2 Notsignalgeber Interspiro Pass II<\/li>\n<li>Leichte Schutzanz\u00fcge<\/li>\n<li>mehrere Stiffnecks<\/li>\n<li>1 Backboard<\/li>\n<li>1 HED-System<\/li>\n<\/ul>\n","protected":false},"excerpt":{"rendered":"<p>&#8220; order_by=&#8220;sortorder&#8220; order_direction=&#8220;ASC&#8220; returns=&#8220;included&#8220; maximum_entity_count=&#8220;500&#8243;] Rufname: Florian Schwetzingen 52 Fahrgestell: Mercedes Benz 1019 Aufbauhersteller: Metz Baujahr: 1982 Au\u00dferdienststellung: 2010 Beschreibung \/ Verwendungszweck: R\u00fcstwagen vom Typ RW 2 stellen die Ausr\u00fcstung f\u00fcr nahezu alle technischen Hilfeleistungen bereit, auch im gr\u00f6\u00dferen Umfang erforderliche Ger\u00e4te und fest eingebaute maschinelle Hilfsmittel. Die Besatzung besteht aus 3 Feuerwehrangeh\u00f6rigen. Beladung \/ &hellip; <\/p>\n<p class=\"link-more\"><a href=\"https:\/\/www.feuerwehr-schwetzingen.de\/?page_id=27725\" class=\"more-link\"><span class=\"screen-reader-text\">\u201eRW 2 (au\u00dfer Dienst)\u201c<\/span> weiterlesen<\/a><\/p>\n","protected":false},"author":1,"featured_media":0,"parent":0,"menu_order":0,"comment_status":"closed","ping_status":"closed","template":"","meta":{"ngg_post_thumbnail":0,"footnotes":""},"class_list":["post-27725","page","type-page","status-publish","hentry"],"_links":{"self":[{"href":"https:\/\/www.feuerwehr-schwetzingen.de\/index.php?rest_route=\/wp\/v2\/pages\/27725","targetHints":{"allow":["GET"]}}],"collection":[{"href":"https:\/\/www.feuerwehr-schwetzingen.de\/index.php?rest_route=\/wp\/v2\/pages"}],"about":[{"href":"https:\/\/www.feuerwehr-schwetzingen.de\/index.php?rest_route=\/wp\/v2\/types\/page"}],"author":[{"embeddable":true,"href":"https:\/\/www.feuerwehr-schwetzingen.de\/index.php?rest_route=\/wp\/v2\/users\/1"}],"replies":[{"embeddable":true,"href":"https:\/\/www.feuerwehr-schwetzingen.de\/index.php?rest_route=%2Fwp%2Fv2%2Fcomments&post=27725"}],"version-history":[{"count":1,"href":"https:\/\/www.feuerwehr-schwetzingen.de\/index.php?rest_route=\/wp\/v2\/pages\/27725\/revisions"}],"predecessor-version":[{"id":27726,"href":"https:\/\/www.feuerwehr-schwetzingen.de\/index.php?rest_route=\/wp\/v2\/pages\/27725\/revisions\/27726"}],"wp:attachment":[{"href":"https:\/\/www.feuerwehr-schwetzingen.de\/index.php?rest_route=%2Fwp%2Fv2%2Fmedia&parent=27725"}],"curies":[{"name":"wp","href":"https:\/\/api.w.org\/{rel}","templated":true}]}}