{"id":27736,"date":"2018-08-14T22:12:50","date_gmt":"2018-08-14T20:12:50","guid":{"rendered":"http:\/\/wordpress.feuerwehr-schwetzingen.de\/?page_id=27736"},"modified":"2018-08-14T22:12:50","modified_gmt":"2018-08-14T20:12:50","slug":"vrw-ausser-dienst","status":"publish","type":"page","link":"https:\/\/www.feuerwehr-schwetzingen.de\/?page_id=27736","title":{"rendered":"VRW (au\u00dfer Dienst)"},"content":{"rendered":"ngg_shortcode_0_placeholder\n<table>\n<tbody>\n<tr>\n<td><b><i>Rufname:<\/i><\/b><\/td>\n<td>Florian Schwetzingen 50<\/td>\n<\/tr>\n<tr>\n<td><b><i>Fahrgestell:<\/i><\/b><\/td>\n<td>Mercedes Benz 280GE<\/td>\n<\/tr>\n<tr>\n<td><b><i>Aufbauhersteller:<\/i><\/b><\/td>\n<td>Ziegler<\/td>\n<\/tr>\n<tr>\n<td><b><i>Baujahr:<\/i><\/b><\/td>\n<td>1981<\/td>\n<\/tr>\n<tr>\n<td><b><i>Au\u00dferdienststellung:<\/i><\/b><\/td>\n<td>2005<\/td>\n<\/tr>\n<\/tbody>\n<\/table>\n<p><b><i>Beschreibung\/Verwendungszweck:<\/i><\/b><br \/>\nVorausr\u00fcstwagen dienen als Fahrzeug zur Durchf\u00fchrung erster Massnahmen, haupts\u00e4chlich bei Verkehrsunf\u00e4llen mit eingeklemmten Personen und zur Sicherung der Unfallstelle. Das Fahrzeug hat eine Besatzung von 3 Feuerwehrangeh\u00f6rigen.<\/p>\n<p><b><i>Beladung\/ Ausstattung:<\/i><\/b><\/p>\n<ul>\n<li>Spreizer SP40 (40 kN Spreizkraft)<\/li>\n<li>Schneidger\u00e4t S 180<\/li>\n<li>Schneidger\u00e4t S 30<\/li>\n<li>1 S\u00e4bels\u00e4ge<\/li>\n<li>Werkzeugsatz zur T\u00fcr\u00f6ffnung<\/li>\n<li>2 Pulverfeuerl\u00f6scher<\/li>\n<li>1 Hochdruckfeuerl\u00f6scher &#8222;Hipress&#8220; der Firma Auer mit AFFF<\/li>\n<li>mehrere Stiffnecks<\/li>\n<\/ul>\n","protected":false},"excerpt":{"rendered":"<p>&#8220; order_by=&#8220;sortorder&#8220; order_direction=&#8220;ASC&#8220; returns=&#8220;included&#8220; maximum_entity_count=&#8220;500&#8243;] Rufname: Florian Schwetzingen 50 Fahrgestell: Mercedes Benz 280GE Aufbauhersteller: Ziegler Baujahr: 1981 Au\u00dferdienststellung: 2005 Beschreibung\/Verwendungszweck: Vorausr\u00fcstwagen dienen als Fahrzeug zur Durchf\u00fchrung erster Massnahmen, haupts\u00e4chlich bei Verkehrsunf\u00e4llen mit eingeklemmten Personen und zur Sicherung der Unfallstelle. Das Fahrzeug hat eine Besatzung von 3 Feuerwehrangeh\u00f6rigen. Beladung\/ Ausstattung: Spreizer SP40 (40 kN Spreizkraft) Schneidger\u00e4t &hellip; <\/p>\n<p class=\"link-more\"><a href=\"https:\/\/www.feuerwehr-schwetzingen.de\/?page_id=27736\" class=\"more-link\"><span class=\"screen-reader-text\">\u201eVRW (au\u00dfer Dienst)\u201c<\/span> weiterlesen<\/a><\/p>\n","protected":false},"author":1,"featured_media":0,"parent":0,"menu_order":0,"comment_status":"closed","ping_status":"closed","template":"","meta":{"ngg_post_thumbnail":0,"footnotes":""},"class_list":["post-27736","page","type-page","status-publish","hentry"],"_links":{"self":[{"href":"https:\/\/www.feuerwehr-schwetzingen.de\/index.php?rest_route=\/wp\/v2\/pages\/27736","targetHints":{"allow":["GET"]}}],"collection":[{"href":"https:\/\/www.feuerwehr-schwetzingen.de\/index.php?rest_route=\/wp\/v2\/pages"}],"about":[{"href":"https:\/\/www.feuerwehr-schwetzingen.de\/index.php?rest_route=\/wp\/v2\/types\/page"}],"author":[{"embeddable":true,"href":"https:\/\/www.feuerwehr-schwetzingen.de\/index.php?rest_route=\/wp\/v2\/users\/1"}],"replies":[{"embeddable":true,"href":"https:\/\/www.feuerwehr-schwetzingen.de\/index.php?rest_route=%2Fwp%2Fv2%2Fcomments&post=27736"}],"version-history":[{"count":2,"href":"https:\/\/www.feuerwehr-schwetzingen.de\/index.php?rest_route=\/wp\/v2\/pages\/27736\/revisions"}],"predecessor-version":[{"id":27738,"href":"https:\/\/www.feuerwehr-schwetzingen.de\/index.php?rest_route=\/wp\/v2\/pages\/27736\/revisions\/27738"}],"wp:attachment":[{"href":"https:\/\/www.feuerwehr-schwetzingen.de\/index.php?rest_route=%2Fwp%2Fv2%2Fmedia&parent=27736"}],"curies":[{"name":"wp","href":"https:\/\/api.w.org\/{rel}","templated":true}]}}