{"id":41,"date":"2017-02-17T16:19:35","date_gmt":"2017-02-17T15:19:35","guid":{"rendered":"http:\/\/wordpress.feuerwehr-schwetzingen.de\/?page_id=41"},"modified":"2022-05-30T11:07:33","modified_gmt":"2022-05-30T09:07:33","slug":"lf-1612","status":"publish","type":"page","link":"https:\/\/www.feuerwehr-schwetzingen.de\/?page_id=41","title":{"rendered":"LF 16\/12 (au\u00dfer Dienst)"},"content":{"rendered":"ngg_shortcode_0_placeholder\n<table>\n<tr>\n<td><b><i>Rufname:<\/i><\/b><\/td>\n<td>Florian Schwetzingen 44<\/td>\n<\/tr>\n<tr>\n<td><b><i>Fahrgestell:<\/i><\/b><\/td>\n<td>Mercedes Benz 1224<\/td>\n<\/tr>\n<tr>\n<td><b><i>Aufbauhersteller:<\/i><\/b><\/td>\n<td>Metz<\/td>\n<\/tr>\n<tr>\n<td><b><i>Baujahr:<\/i><\/b><\/td>\n<td>1994<\/td>\n<\/tr>\n<\/table>\n<p><b><i>Beschreibung\/Verwendungszweck:<\/i><\/b><\/p>\n<p>Das LF 16\/12 dient zur Brandbek\u00e4mpfung, F\u00f6rderung von L\u00f6schwasser und zur Durchf\u00fchrung einfacher technischer Hilfeleistungen. Die Besatzung besteht aus 9 Feuerwehrangeh\u00f6rigen<\/p>\n<p><b><i>Beladung\/ Ausstattung (Auszug):<\/i><\/b><\/p>\n<ul>\n<li>Feuerl\u00f6schkreiselpumpe mit einer Leistung von 1600 l\/min<\/li>\n<li>Tank mit 1600 Liter Wasser<\/li>\n<li>4 Pressluftatmer Interspiro QS mit Compositflaschen 6,8 l, davon 2 im Mannschaftsraum<\/li>\n<li>6 Handfunkger\u00e4te Kenwood TK 290 11b<\/li>\n<li>W\u00e4rmebildkamera Bullard TI<\/li>\n<li>1 Fernthermometer<\/li>\n<li>1 Hochdruckfeuerl\u00f6scher &#8222;Hipress&#8220; der Firma Auer mit AFFF<\/li>\n<li>2 &#8222;Halligan-Tools&#8220;<\/li>\n<li>1 &#8222;TNT-Tool&#8220;<\/li>\n<li>Hitzeschutzbekleidung<\/li>\n<li>Stromerzeuger Bosch BSKA8 8kVA<\/li>\n<li>1 Fl\u00fcssigkeitssauger<\/li>\n<li>Lichtmast am Heck mit zwei 1000 Watt Scheinwerfern<\/li>\n<li>\u00dcberdruckl\u00fcfter (mit Verbrennungsmotor) Hale Typhoon 21T5<\/li>\n<li>Motorkettens\u00e4ge Stihl 036<\/li>\n<li>Elektrotauchpumpe<\/li>\n<li>Satz Absturzsicherung<\/li>\n<li>Notfallrucksack<\/li>\n<\/ul>\n","protected":false},"excerpt":{"rendered":"<p>&#8220; order_by=&#8220;sortorder&#8220; order_direction=&#8220;ASC&#8220; returns=&#8220;included&#8220; maximum_entity_count=&#8220;500&#8243;] Rufname: Florian Schwetzingen 44 Fahrgestell: Mercedes Benz 1224 Aufbauhersteller: Metz Baujahr: 1994 Beschreibung\/Verwendungszweck: Das LF 16\/12 dient zur Brandbek\u00e4mpfung, F\u00f6rderung von L\u00f6schwasser und zur Durchf\u00fchrung einfacher technischer Hilfeleistungen. Die Besatzung besteht aus 9 Feuerwehrangeh\u00f6rigen Beladung\/ Ausstattung (Auszug): Feuerl\u00f6schkreiselpumpe mit einer Leistung von 1600 l\/min Tank mit 1600 Liter Wasser 4 &hellip; <\/p>\n<p class=\"link-more\"><a href=\"https:\/\/www.feuerwehr-schwetzingen.de\/?page_id=41\" class=\"more-link\"><span class=\"screen-reader-text\">\u201eLF 16\/12 (au\u00dfer Dienst)\u201c<\/span> weiterlesen<\/a><\/p>\n","protected":false},"author":1,"featured_media":0,"parent":0,"menu_order":0,"comment_status":"closed","ping_status":"closed","template":"","meta":{"ngg_post_thumbnail":0,"footnotes":""},"class_list":["post-41","page","type-page","status-publish","hentry"],"_links":{"self":[{"href":"https:\/\/www.feuerwehr-schwetzingen.de\/index.php?rest_route=\/wp\/v2\/pages\/41","targetHints":{"allow":["GET"]}}],"collection":[{"href":"https:\/\/www.feuerwehr-schwetzingen.de\/index.php?rest_route=\/wp\/v2\/pages"}],"about":[{"href":"https:\/\/www.feuerwehr-schwetzingen.de\/index.php?rest_route=\/wp\/v2\/types\/page"}],"author":[{"embeddable":true,"href":"https:\/\/www.feuerwehr-schwetzingen.de\/index.php?rest_route=\/wp\/v2\/users\/1"}],"replies":[{"embeddable":true,"href":"https:\/\/www.feuerwehr-schwetzingen.de\/index.php?rest_route=%2Fwp%2Fv2%2Fcomments&post=41"}],"version-history":[{"count":5,"href":"https:\/\/www.feuerwehr-schwetzingen.de\/index.php?rest_route=\/wp\/v2\/pages\/41\/revisions"}],"predecessor-version":[{"id":787591,"href":"https:\/\/www.feuerwehr-schwetzingen.de\/index.php?rest_route=\/wp\/v2\/pages\/41\/revisions\/787591"}],"wp:attachment":[{"href":"https:\/\/www.feuerwehr-schwetzingen.de\/index.php?rest_route=%2Fwp%2Fv2%2Fmedia&parent=41"}],"curies":[{"name":"wp","href":"https:\/\/api.w.org\/{rel}","templated":true}]}}