{"id":42,"date":"2017-02-17T16:19:35","date_gmt":"2017-02-17T15:19:35","guid":{"rendered":"http:\/\/wordpress.feuerwehr-schwetzingen.de\/?page_id=42"},"modified":"2018-08-15T13:14:14","modified_gmt":"2018-08-15T11:14:14","slug":"elw-1","status":"publish","type":"page","link":"https:\/\/www.feuerwehr-schwetzingen.de\/?page_id=42","title":{"rendered":"ELW 1"},"content":{"rendered":"ngg_shortcode_0_placeholder\n<table>\n<tbody>\n<tr>\n<td><b><i>Rufname:<\/i><\/b><\/td>\n<td>Florian Schwetzingen 11<\/td>\n<\/tr>\n<tr>\n<td><b><i>Fahrgestell:<\/i><\/b><\/td>\n<td>VW T5, TDI 4Motion<\/td>\n<\/tr>\n<tr>\n<td><b><i>Baujahr:<\/i><\/b><\/td>\n<td>2015<\/td>\n<\/tr>\n<\/tbody>\n<\/table>\n<p><b><i>Beschreibung \/ Verwendungszweck:<\/i><\/b><\/p>\n<p>Der Kommandowagen dient dem Einsatzleiter als Hilfsmittel:<br \/>\nDer ELW 1 ist ein Einsatzleitfahrzeug, das mit Kommunikationsmitteln und anderer Ausr\u00fcstung zur F\u00fchrung taktischer Einheiten ausgestattet ist. Vorwiegend dient es der Einsatzleitung zur Anfahrt sowie Erkundung von Einsatzstellen, als Hilfsmittel zur F\u00fchrung von taktischen Einheiten und zum F\u00fchren von Verb\u00e4nden mit F\u00fchrungsassistenten, jedoch ohne stabsm\u00e4\u00dfige F\u00fchrung.<\/p>\n<p><b><i>Beladung \/ Ausstattung:<\/i><\/b><\/p>\n<ul>\n<li>ein PC-Arbeitsplatz<\/li>\n<li>Telefon und Faxger\u00e4t<\/li>\n<li>2 festeingebaute 4m Funkger\u00e4t<\/li>\n<li>2 festeingebaute 2m Funkger\u00e4t<\/li>\n<li>Feuerwehrpl\u00e4ne<\/li>\n<li>W\u00e4rmebildkamera<\/li>\n<li>Viergas-Handmessger\u00e4t mit PID<\/li>\n<li>DIN-Stromerzeuger<\/li>\n<li>Wetterstation<\/li>\n<li>Fotoausr\u00fcstung<\/li>\n<li>Absperrmaterial<\/li>\n<li>Einsatzunterlagen<\/li>\n<li>ausschwenkbarer Bildschirm<\/li>\n<li>Einsatz-Anfahr Navigationssystem \u00fcber POCSAG<\/li>\n<li>Vier Handsprechfunkger\u00e4te<\/li>\n<li>Verschiedene Funktionswesten<\/li>\n<\/ul>\n","protected":false},"excerpt":{"rendered":"<p>&#8220; order_by=&#8220;sortorder&#8220; order_direction=&#8220;ASC&#8220; returns=&#8220;included&#8220; maximum_entity_count=&#8220;500&#8243;] Rufname: Florian Schwetzingen 11 Fahrgestell: VW T5, TDI 4Motion Baujahr: 2015 Beschreibung \/ Verwendungszweck: Der Kommandowagen dient dem Einsatzleiter als Hilfsmittel: Der ELW 1 ist ein Einsatzleitfahrzeug, das mit Kommunikationsmitteln und anderer Ausr\u00fcstung zur F\u00fchrung taktischer Einheiten ausgestattet ist. Vorwiegend dient es der Einsatzleitung zur Anfahrt sowie Erkundung von Einsatzstellen, &hellip; <\/p>\n<p class=\"link-more\"><a href=\"https:\/\/www.feuerwehr-schwetzingen.de\/?page_id=42\" class=\"more-link\"><span class=\"screen-reader-text\">\u201eELW 1\u201c<\/span> weiterlesen<\/a><\/p>\n","protected":false},"author":1,"featured_media":0,"parent":0,"menu_order":0,"comment_status":"closed","ping_status":"closed","template":"","meta":{"ngg_post_thumbnail":0,"footnotes":""},"class_list":["post-42","page","type-page","status-publish","hentry"],"_links":{"self":[{"href":"https:\/\/www.feuerwehr-schwetzingen.de\/index.php?rest_route=\/wp\/v2\/pages\/42","targetHints":{"allow":["GET"]}}],"collection":[{"href":"https:\/\/www.feuerwehr-schwetzingen.de\/index.php?rest_route=\/wp\/v2\/pages"}],"about":[{"href":"https:\/\/www.feuerwehr-schwetzingen.de\/index.php?rest_route=\/wp\/v2\/types\/page"}],"author":[{"embeddable":true,"href":"https:\/\/www.feuerwehr-schwetzingen.de\/index.php?rest_route=\/wp\/v2\/users\/1"}],"replies":[{"embeddable":true,"href":"https:\/\/www.feuerwehr-schwetzingen.de\/index.php?rest_route=%2Fwp%2Fv2%2Fcomments&post=42"}],"version-history":[{"count":6,"href":"https:\/\/www.feuerwehr-schwetzingen.de\/index.php?rest_route=\/wp\/v2\/pages\/42\/revisions"}],"predecessor-version":[{"id":48996,"href":"https:\/\/www.feuerwehr-schwetzingen.de\/index.php?rest_route=\/wp\/v2\/pages\/42\/revisions\/48996"}],"wp:attachment":[{"href":"https:\/\/www.feuerwehr-schwetzingen.de\/index.php?rest_route=%2Fwp%2Fv2%2Fmedia&parent=42"}],"curies":[{"name":"wp","href":"https:\/\/api.w.org\/{rel}","templated":true}]}}