{"id":43,"date":"2017-02-17T16:19:35","date_gmt":"2017-02-17T15:19:35","guid":{"rendered":"http:\/\/wordpress.feuerwehr-schwetzingen.de\/?page_id=43"},"modified":"2018-08-14T21:46:04","modified_gmt":"2018-08-14T19:46:04","slug":"vrw","status":"publish","type":"page","link":"https:\/\/www.feuerwehr-schwetzingen.de\/?page_id=43","title":{"rendered":"VRW"},"content":{"rendered":"ngg_shortcode_0_placeholder\n<table>\n<tbody>\n<tr>\n<td><b><i>Rufname:<\/i><\/b><\/td>\n<td>Florian Schwetzingen 50<\/td>\n<\/tr>\n<tr>\n<td><b><i>Fahrgestell:<\/i><\/b><\/td>\n<td>Mercedes Benz Sprinter 316 CDI 4&#215;4<\/td>\n<\/tr>\n<tr>\n<td><b><i>Aufbauhersteller:<\/i><\/b><\/td>\n<td>Weschenfelder<\/td>\n<\/tr>\n<tr>\n<td><b><i>Baujahr:<\/i><\/b><\/td>\n<td>2005<\/td>\n<\/tr>\n<\/tbody>\n<\/table>\n<p><b><i>Beschreibung\/Verwendungszweck:<\/i><\/b><\/p>\n<p>Vorausr\u00fcstwagen dienen als Fahrzeug zur Durchf\u00fchrung erster Massnahmen, haupts\u00e4chlich bei Verkehrsunf\u00e4llen mit eingeklemmten Personen und zur Sicherung der Unfallstelle. Das Fahrzeug hat eine Besatzung von 4 Feuerwehrangeh\u00f6rigen.<\/p>\n<p><b><i>Beladung\/ Ausstattung:<\/i><\/b><\/p>\n<ul>\n<li>Dynawatt-Anlage 5 kVA<\/li>\n<li>klappbarer, fernbedienbarer Lichtmast 2 * 1000 W<\/li>\n<li>3 Handfunkger\u00e4te GP 360-11b<\/li>\n<li>1 Atemnschutzger\u00e4t Interpiro QS<\/li>\n<li>Warnwesten<\/li>\n<li>2 Plexiglas Schutzscheiben<\/li>\n<li>Schutzkleidung f\u00fcr Benutzer von Kettens\u00e4gen mit Schutzhelm<\/li>\n<li>2 W\u00e4rmeschutzkleidung (Kopfhaube und Handschuhe)<\/li>\n<li>tragbarer Pulverl\u00f6scher 6 kg<\/li>\n<li>Rosenbauer Hochdruckl\u00f6schger\u00e4t<\/li>\n<li>L\u00f6schdecke<\/li>\n<li>HURST\/Zumro ResQ Unterbau- und Stabilisierungsbl\u00f6cke<\/li>\n<li>Tragetuch<\/li>\n<li>Notfallkoffer<\/li>\n<li>Metallkiste &#8222;Patientenschutz&#8220; mit Helm\/Gesichtsschutz, Geh\u00f6rschutz, Decke<\/li>\n<li>Verbrennungsset<\/li>\n<li>KED-System<\/li>\n<li>3 Handscheinwerfer Adalit L-3000<\/li>\n<li>Verkehrsleitkegel<\/li>\n<li>Warnleuchten<\/li>\n<li>16 Twister Light mit Ladek\u00f6cher<\/li>\n<li>2 Euro-Blitz mit Transportlader<\/li>\n<li>Koffer &#8222;Holmschutz&#8220;<\/li>\n<li>Koffer &#8222;Glasmanagement&#8220;<\/li>\n<li>WEBER-Motorpumpenaggregat E mit Schnellangriffshaspel<\/li>\n<li>WEBER Spreizer SP 40<\/li>\n<li>WEBER Schneidger\u00e4t S 30 (Pedalschneider)<\/li>\n<li>WEBER Schneidger\u00e4t S 270-71<\/li>\n<li>WEBER Teleskop-Rettungszylinder RZT 2-750<\/li>\n<li>WEBER Teleskop-Rettungszylinder RZT 2-1450<\/li>\n<li>WEBER Schweller-Aufsatz<\/li>\n<li>WEBER Airbag-Sicherung<\/li>\n<li>Hilti S\u00e4bels\u00e4ge im Koffer<\/li>\n<li>Motors\u00e4ge Stihl MS 361<\/li>\n<li>Blechaufreisser<\/li>\n<li>Brechstange, L\u00e4nge 70 cm<\/li>\n<li>Bolzenschneider<\/li>\n<li>Klappspaten<\/li>\n<li>Werkzeugkasten DIN 14 881 FWKa Stand 09\/04<\/li>\n<\/ul>\n","protected":false},"excerpt":{"rendered":"<p>&#8220; order_by=&#8220;sortorder&#8220; order_direction=&#8220;ASC&#8220; returns=&#8220;included&#8220; maximum_entity_count=&#8220;500&#8243;] Rufname: Florian Schwetzingen 50 Fahrgestell: Mercedes Benz Sprinter 316 CDI 4&#215;4 Aufbauhersteller: Weschenfelder Baujahr: 2005 Beschreibung\/Verwendungszweck: Vorausr\u00fcstwagen dienen als Fahrzeug zur Durchf\u00fchrung erster Massnahmen, haupts\u00e4chlich bei Verkehrsunf\u00e4llen mit eingeklemmten Personen und zur Sicherung der Unfallstelle. Das Fahrzeug hat eine Besatzung von 4 Feuerwehrangeh\u00f6rigen. Beladung\/ Ausstattung: Dynawatt-Anlage 5 kVA klappbarer, fernbedienbarer &hellip; <\/p>\n<p class=\"link-more\"><a href=\"https:\/\/www.feuerwehr-schwetzingen.de\/?page_id=43\" class=\"more-link\"><span class=\"screen-reader-text\">\u201eVRW\u201c<\/span> weiterlesen<\/a><\/p>\n","protected":false},"author":1,"featured_media":0,"parent":0,"menu_order":0,"comment_status":"closed","ping_status":"closed","template":"","meta":{"ngg_post_thumbnail":0,"footnotes":""},"class_list":["post-43","page","type-page","status-publish","hentry"],"_links":{"self":[{"href":"https:\/\/www.feuerwehr-schwetzingen.de\/index.php?rest_route=\/wp\/v2\/pages\/43","targetHints":{"allow":["GET"]}}],"collection":[{"href":"https:\/\/www.feuerwehr-schwetzingen.de\/index.php?rest_route=\/wp\/v2\/pages"}],"about":[{"href":"https:\/\/www.feuerwehr-schwetzingen.de\/index.php?rest_route=\/wp\/v2\/types\/page"}],"author":[{"embeddable":true,"href":"https:\/\/www.feuerwehr-schwetzingen.de\/index.php?rest_route=\/wp\/v2\/users\/1"}],"replies":[{"embeddable":true,"href":"https:\/\/www.feuerwehr-schwetzingen.de\/index.php?rest_route=%2Fwp%2Fv2%2Fcomments&post=43"}],"version-history":[{"count":5,"href":"https:\/\/www.feuerwehr-schwetzingen.de\/index.php?rest_route=\/wp\/v2\/pages\/43\/revisions"}],"predecessor-version":[{"id":27699,"href":"https:\/\/www.feuerwehr-schwetzingen.de\/index.php?rest_route=\/wp\/v2\/pages\/43\/revisions\/27699"}],"wp:attachment":[{"href":"https:\/\/www.feuerwehr-schwetzingen.de\/index.php?rest_route=%2Fwp%2Fv2%2Fmedia&parent=43"}],"curies":[{"name":"wp","href":"https:\/\/api.w.org\/{rel}","templated":true}]}}