{"id":44,"date":"2017-02-17T16:19:35","date_gmt":"2017-02-17T15:19:35","guid":{"rendered":"http:\/\/wordpress.feuerwehr-schwetzingen.de\/?page_id=44"},"modified":"2018-08-14T21:42:59","modified_gmt":"2018-08-14T19:42:59","slug":"gw-t","status":"publish","type":"page","link":"https:\/\/www.feuerwehr-schwetzingen.de\/?page_id=44","title":{"rendered":"GW &#8211; T"},"content":{"rendered":"ngg_shortcode_0_placeholder\n<table>\n<tr>\n<td><b><i>Rufname:<\/i><\/b><\/td>\n<td>Florian Schwetzingen 74<\/td>\n<\/tr>\n<tr>\n<td><b><i>Fahrgestell:<\/i><\/b><\/td>\n<td>MAN TGM 13 290, Allrad<\/td>\n<\/tr>\n<tr>\n<td><b><i>Aufbau:<\/i><\/b><\/td>\n<td>Junghanns mit Schiebeplane<\/td>\n<\/tr>\n<tr>\n<td><b><i>Baujahr:<\/i><\/b><\/td>\n<td>2015<\/td>\n<\/tr>\n<tr>\n<td><b><i>Zul. Gesamtgewicht:<\/i><\/b><\/td>\n<td>14,5 to<\/td>\n<\/tr>\n<tr>\n<td><b><i>Leistung:<\/i><\/b><\/td>\n<td>290 PS<\/td>\n<\/tr>\n<\/table>\n<p><b><i>Beschreibung\/Verwendungszweck:<\/i><\/b><\/p>\n<p>Der Ger\u00e4tewagen &#8222;Transport&#8220; dient zum Transport von Einsatzger\u00e4ten und feuerwehrtechnischer Ausr\u00fcstung.<\/p>\n<p><b><i>Beladung\/ Ausstattung:<\/i><\/b><\/p>\n<ul>\n<li>Ladebordwand Dautel 1,5 to<\/li>\n<li>Warneinrichtungen und Arbeitsbeleuchtung in LED Technik<\/li>\n<li>Lange Fahrerkabine<\/li>\n<li>FDMX Box<\/li>\n<li>Handhubwagen<\/li>\n<li>Material zur Ladungssicherung<\/li>\n<li>Material zur Verkehrsabsicherung<\/li>\n<li>Schlauchroller<\/li>\n<li>Abschleppstange<\/li>\n<\/ul>\n","protected":false},"excerpt":{"rendered":"<p>&#8220; order_by=&#8220;sortorder&#8220; order_direction=&#8220;ASC&#8220; returns=&#8220;included&#8220; maximum_entity_count=&#8220;500&#8243;] Rufname: Florian Schwetzingen 74 Fahrgestell: MAN TGM 13 290, Allrad Aufbau: Junghanns mit Schiebeplane Baujahr: 2015 Zul. Gesamtgewicht: 14,5 to Leistung: 290 PS Beschreibung\/Verwendungszweck: Der Ger\u00e4tewagen &#8222;Transport&#8220; dient zum Transport von Einsatzger\u00e4ten und feuerwehrtechnischer Ausr\u00fcstung. Beladung\/ Ausstattung: Ladebordwand Dautel 1,5 to Warneinrichtungen und Arbeitsbeleuchtung in LED Technik Lange Fahrerkabine FDMX &hellip; <\/p>\n<p class=\"link-more\"><a href=\"https:\/\/www.feuerwehr-schwetzingen.de\/?page_id=44\" class=\"more-link\"><span class=\"screen-reader-text\">\u201eGW &#8211; T\u201c<\/span> weiterlesen<\/a><\/p>\n","protected":false},"author":1,"featured_media":0,"parent":0,"menu_order":0,"comment_status":"closed","ping_status":"closed","template":"","meta":{"ngg_post_thumbnail":0,"footnotes":""},"class_list":["post-44","page","type-page","status-publish","hentry"],"_links":{"self":[{"href":"https:\/\/www.feuerwehr-schwetzingen.de\/index.php?rest_route=\/wp\/v2\/pages\/44","targetHints":{"allow":["GET"]}}],"collection":[{"href":"https:\/\/www.feuerwehr-schwetzingen.de\/index.php?rest_route=\/wp\/v2\/pages"}],"about":[{"href":"https:\/\/www.feuerwehr-schwetzingen.de\/index.php?rest_route=\/wp\/v2\/types\/page"}],"author":[{"embeddable":true,"href":"https:\/\/www.feuerwehr-schwetzingen.de\/index.php?rest_route=\/wp\/v2\/users\/1"}],"replies":[{"embeddable":true,"href":"https:\/\/www.feuerwehr-schwetzingen.de\/index.php?rest_route=%2Fwp%2Fv2%2Fcomments&post=44"}],"version-history":[{"count":4,"href":"https:\/\/www.feuerwehr-schwetzingen.de\/index.php?rest_route=\/wp\/v2\/pages\/44\/revisions"}],"predecessor-version":[{"id":27690,"href":"https:\/\/www.feuerwehr-schwetzingen.de\/index.php?rest_route=\/wp\/v2\/pages\/44\/revisions\/27690"}],"wp:attachment":[{"href":"https:\/\/www.feuerwehr-schwetzingen.de\/index.php?rest_route=%2Fwp%2Fv2%2Fmedia&parent=44"}],"curies":[{"name":"wp","href":"https:\/\/api.w.org\/{rel}","templated":true}]}}