{"id":47,"date":"2017-02-17T16:19:35","date_gmt":"2017-02-17T15:19:35","guid":{"rendered":"http:\/\/wordpress.feuerwehr-schwetzingen.de\/?page_id=47"},"modified":"2018-08-14T21:41:34","modified_gmt":"2018-08-14T19:41:34","slug":"dlk-2312","status":"publish","type":"page","link":"https:\/\/www.feuerwehr-schwetzingen.de\/?page_id=47","title":{"rendered":"DLK 23\/12 (au\u00dfer Dienst)"},"content":{"rendered":"ngg_shortcode_0_placeholder\n<table width=\"100%\">\n<tr>\n<td><b><i>Rufname:<\/i><\/b><\/td>\n<td>Florian Schwetzingen 33<\/td>\n<\/tr>\n<tr>\n<td><b><i>Fahrgestell:<\/i><\/b><\/td>\n<td>MAN 14\/262<\/td>\n<\/tr>\n<tr>\n<td><b><i>Aufbauhersteller:<\/i><\/b><\/td>\n<td>Metz<\/td>\n<\/tr>\n<tr>\n<td><b><i>Baujahr:<\/i><\/b><\/td>\n<td>1996<\/td>\n<\/tr>\n<tr>\n<td><b><i>Au\u00dferdienststellung:<\/i><\/b><\/td>\n<td>2017<\/td>\n<\/tr>\n<\/table>\n<p><b><i>Beschreibung\/Verwendungszweck:<\/i><\/b><\/p>\n<p>Drehleitern werden vorrangig zur Rettung von Menschen aus Notlagen in H\u00f6hen und Tiefen, zur Durchf\u00fchrung technischer Hilfeleistungen und zur Brandbek\u00e4mpfung eingesetzt. Die Rettungsh\u00f6he betr\u00e4gt 23 Meter bei einer Ausladung von 12 Metern, die Besatzung besteht aus drei Feuerwehrangeh\u00f6rigen.<\/p>\n<p><b><i>Beladung\/ Ausstattung:<\/i><\/b><\/p>\n<ul>\n<li>2 Pressluftatmer Interspiro QS mit Compositeflaschen 6,8 l<\/li>\n<li>2 Handfunkger\u00e4te<\/li>\n<li>Sprungretter System Lorsbach<\/li>\n<li>1 Satz Absturzsicherung<\/li>\n<li>Rollgliss<\/li>\n<li>Schleif-Korbtrage<\/li>\n<li>Krankentragenhalterung<\/li>\n<li>Wasserwerfer zur Montage am Korb<\/li>\n<li>\u00dcberdruckl\u00fcfter (mit Verbennungsmotor)<\/li>\n<li>Stromerzeuger 5 kVA<\/li>\n<li>Elektrokettens\u00e4ge Stihl<\/li>\n<li>&#8222;TNT-Tool&#8220;<\/li>\n<\/ul>\n","protected":false},"excerpt":{"rendered":"<p>&#8220; order_by=&#8220;sortorder&#8220; order_direction=&#8220;ASC&#8220; returns=&#8220;included&#8220; maximum_entity_count=&#8220;500&#8243;] Rufname: Florian Schwetzingen 33 Fahrgestell: MAN 14\/262 Aufbauhersteller: Metz Baujahr: 1996 Au\u00dferdienststellung: 2017 Beschreibung\/Verwendungszweck: Drehleitern werden vorrangig zur Rettung von Menschen aus Notlagen in H\u00f6hen und Tiefen, zur Durchf\u00fchrung technischer Hilfeleistungen und zur Brandbek\u00e4mpfung eingesetzt. Die Rettungsh\u00f6he betr\u00e4gt 23 Meter bei einer Ausladung von 12 Metern, die Besatzung besteht aus &hellip; <\/p>\n<p class=\"link-more\"><a href=\"https:\/\/www.feuerwehr-schwetzingen.de\/?page_id=47\" class=\"more-link\"><span class=\"screen-reader-text\">\u201eDLK 23\/12 (au\u00dfer Dienst)\u201c<\/span> weiterlesen<\/a><\/p>\n","protected":false},"author":1,"featured_media":0,"parent":0,"menu_order":0,"comment_status":"closed","ping_status":"closed","template":"","meta":{"ngg_post_thumbnail":0,"footnotes":""},"class_list":["post-47","page","type-page","status-publish","hentry"],"_links":{"self":[{"href":"https:\/\/www.feuerwehr-schwetzingen.de\/index.php?rest_route=\/wp\/v2\/pages\/47","targetHints":{"allow":["GET"]}}],"collection":[{"href":"https:\/\/www.feuerwehr-schwetzingen.de\/index.php?rest_route=\/wp\/v2\/pages"}],"about":[{"href":"https:\/\/www.feuerwehr-schwetzingen.de\/index.php?rest_route=\/wp\/v2\/types\/page"}],"author":[{"embeddable":true,"href":"https:\/\/www.feuerwehr-schwetzingen.de\/index.php?rest_route=\/wp\/v2\/users\/1"}],"replies":[{"embeddable":true,"href":"https:\/\/www.feuerwehr-schwetzingen.de\/index.php?rest_route=%2Fwp%2Fv2%2Fcomments&post=47"}],"version-history":[{"count":8,"href":"https:\/\/www.feuerwehr-schwetzingen.de\/index.php?rest_route=\/wp\/v2\/pages\/47\/revisions"}],"predecessor-version":[{"id":27687,"href":"https:\/\/www.feuerwehr-schwetzingen.de\/index.php?rest_route=\/wp\/v2\/pages\/47\/revisions\/27687"}],"wp:attachment":[{"href":"https:\/\/www.feuerwehr-schwetzingen.de\/index.php?rest_route=%2Fwp%2Fv2%2Fmedia&parent=47"}],"curies":[{"name":"wp","href":"https:\/\/api.w.org\/{rel}","templated":true}]}}