{"id":63,"date":"2017-02-17T16:20:57","date_gmt":"2017-02-17T15:20:57","guid":{"rendered":"http:\/\/wordpress.feuerwehr-schwetzingen.de\/?page_id=63"},"modified":"2018-08-14T21:44:33","modified_gmt":"2018-08-14T19:44:33","slug":"mtw","status":"publish","type":"page","link":"https:\/\/www.feuerwehr-schwetzingen.de\/?page_id=63","title":{"rendered":"MTW"},"content":{"rendered":"ngg_shortcode_0_placeholder\n<table>\n<tr>\n<td><b><i>Rufname:<\/i><\/b><\/td>\n<td>Florian Schwetzingen 19<\/td>\n<\/tr>\n<tr>\n<td><b><i>Fahrgestell:<\/i><\/b><\/td>\n<td>Mercedes Sprinter<\/td>\n<\/tr>\n<tr>\n<td><b><i>Baujahr:<\/i><\/b><\/td>\n<td>2015<\/td>\n<\/tr>\n<\/table>\n<p><b><i>Beschreibung \/ Verwendungszweck:<\/i><\/b><\/p>\n<p>Der Mannschaftstransportwagen dient zur Bef\u00f6rderung von Einsatzkr\u00e4ften und kleinerem Ger\u00e4t.<\/p>\n<p><b><i>Beladung \/ Ausstattung:<\/i><\/b><\/p>\n<ul>\n<li>Klappbarer Tisch im Innenraum<\/li>\n<li>4-m Sprechstelle und 2-m Funkger\u00e4t am Tisch<\/li>\n<li>Sitzreihen gegeneinander angeordnet<\/li>\n<li>FDMX-Box als Navigationssystem mit Empfang der Einsatzadressen \u00c3\u00bcber digitale Alarmierung<\/li>\n<li>Feuerl\u00f6scher<\/li>\n<li>Material zur Ladungssicherung<\/li>\n<li>Absperrmaterial<\/li>\n<\/ul>\n","protected":false},"excerpt":{"rendered":"<p>&#8220; order_by=&#8220;sortorder&#8220; order_direction=&#8220;ASC&#8220; returns=&#8220;included&#8220; maximum_entity_count=&#8220;500&#8243;] Rufname: Florian Schwetzingen 19 Fahrgestell: Mercedes Sprinter Baujahr: 2015 Beschreibung \/ Verwendungszweck: Der Mannschaftstransportwagen dient zur Bef\u00f6rderung von Einsatzkr\u00e4ften und kleinerem Ger\u00e4t. Beladung \/ Ausstattung: Klappbarer Tisch im Innenraum 4-m Sprechstelle und 2-m Funkger\u00e4t am Tisch Sitzreihen gegeneinander angeordnet FDMX-Box als Navigationssystem mit Empfang der Einsatzadressen \u00c3\u00bcber digitale Alarmierung Feuerl\u00f6scher &hellip; <\/p>\n<p class=\"link-more\"><a href=\"https:\/\/www.feuerwehr-schwetzingen.de\/?page_id=63\" class=\"more-link\"><span class=\"screen-reader-text\">\u201eMTW\u201c<\/span> weiterlesen<\/a><\/p>\n","protected":false},"author":1,"featured_media":0,"parent":0,"menu_order":0,"comment_status":"closed","ping_status":"closed","template":"","meta":{"ngg_post_thumbnail":0,"footnotes":""},"class_list":["post-63","page","type-page","status-publish","hentry"],"_links":{"self":[{"href":"https:\/\/www.feuerwehr-schwetzingen.de\/index.php?rest_route=\/wp\/v2\/pages\/63","targetHints":{"allow":["GET"]}}],"collection":[{"href":"https:\/\/www.feuerwehr-schwetzingen.de\/index.php?rest_route=\/wp\/v2\/pages"}],"about":[{"href":"https:\/\/www.feuerwehr-schwetzingen.de\/index.php?rest_route=\/wp\/v2\/types\/page"}],"author":[{"embeddable":true,"href":"https:\/\/www.feuerwehr-schwetzingen.de\/index.php?rest_route=\/wp\/v2\/users\/1"}],"replies":[{"embeddable":true,"href":"https:\/\/www.feuerwehr-schwetzingen.de\/index.php?rest_route=%2Fwp%2Fv2%2Fcomments&post=63"}],"version-history":[{"count":5,"href":"https:\/\/www.feuerwehr-schwetzingen.de\/index.php?rest_route=\/wp\/v2\/pages\/63\/revisions"}],"predecessor-version":[{"id":27695,"href":"https:\/\/www.feuerwehr-schwetzingen.de\/index.php?rest_route=\/wp\/v2\/pages\/63\/revisions\/27695"}],"wp:attachment":[{"href":"https:\/\/www.feuerwehr-schwetzingen.de\/index.php?rest_route=%2Fwp%2Fv2%2Fmedia&parent=63"}],"curies":[{"name":"wp","href":"https:\/\/api.w.org\/{rel}","templated":true}]}}