{"id":64,"date":"2017-02-17T16:20:57","date_gmt":"2017-02-17T15:20:57","guid":{"rendered":"http:\/\/wordpress.feuerwehr-schwetzingen.de\/?page_id=64"},"modified":"2022-05-30T11:14:19","modified_gmt":"2022-05-30T09:14:19","slug":"tlf-16","status":"publish","type":"page","link":"https:\/\/www.feuerwehr-schwetzingen.de\/?page_id=64","title":{"rendered":"TLF 16 (au\u00dfer Dienst)"},"content":{"rendered":"ngg_shortcode_0_placeholder\n<table>\n<tr>\n<td><b><i>Rufname:<\/i><\/b><\/td>\n<td>Florian Schwetzingen 21<\/td>\n<\/tr>\n<tr>\n<td><b><i>Fahrgestell:<\/i><\/b><\/td>\n<td>Mercedes Benz Atego 917 ger\u00e4uscharm<\/td>\n<\/tr>\n<tr>\n<td><b><i>Aufbauhersteller:<\/i><\/b><\/td>\n<td>Metz<\/td>\n<\/tr>\n<tr>\n<td><b><i>Baujahr:<\/i><\/b><\/td>\n<td>1999<\/td>\n<\/tr>\n<\/table>\n<p><b><i>Beschreibung\/Verwendungszweck:<\/i><\/b><\/p>\n<p>Tankl\u00f6schfahrzeuge vom Typ TLF 16\/24 werden aufgrund ihres<br \/>\nL\u00f6schwasservorates vornehmlich zur Durchf\u00fchrung eines Schnellangriffs<br \/>\nverwendet und eignen sich zur Versorgung von Einsatzstellen mit L\u00f6schwasser.<\/p>\n<p>Die Besatzung besteht aus 3 Feuerwehrangeh\u00f6rigen.<\/p>\n<p><b><i>Beladung\/ Ausstattung:<\/i><\/b><\/p>\n<ul>\n<li>Feuerl\u00f6schkreiselpumpe mit einer Leistung von 1600 l\/min<\/li>\n<li>Tankinhalt 2200 Liter Wasser, 200 Liter alkoholbest\u00e4ndiges Schaummittel<\/li>\n<li>2 Handfunger\u00e4te Motorola GP 900-11b<\/li>\n<li>2 Handlampen Adalit L-3000<\/li>\n<li>Schaum-Wasserwerfer auf dem Aufbaudach<\/li>\n<li>2 Pressluftatmer Interspiro QS mit Compositeflaschen 6,8 l<\/li>\n<li>2 wasserbetriebene \u00dcberdruckl\u00fcfter Hale Typhoon<\/li>\n<li>2 Schlauchtragek\u00f6rbe C<\/li>\n<li>Motorkettens\u00e4ge Stihl 036<\/li>\n<li>1 Kombischaumrohr<\/li>\n<\/ul>\n","protected":false},"excerpt":{"rendered":"<p>&#8220; order_by=&#8220;sortorder&#8220; order_direction=&#8220;ASC&#8220; returns=&#8220;included&#8220; maximum_entity_count=&#8220;500&#8243;] Rufname: Florian Schwetzingen 21 Fahrgestell: Mercedes Benz Atego 917 ger\u00e4uscharm Aufbauhersteller: Metz Baujahr: 1999 Beschreibung\/Verwendungszweck: Tankl\u00f6schfahrzeuge vom Typ TLF 16\/24 werden aufgrund ihres L\u00f6schwasservorates vornehmlich zur Durchf\u00fchrung eines Schnellangriffs verwendet und eignen sich zur Versorgung von Einsatzstellen mit L\u00f6schwasser. Die Besatzung besteht aus 3 Feuerwehrangeh\u00f6rigen. Beladung\/ Ausstattung: Feuerl\u00f6schkreiselpumpe mit einer &hellip; <\/p>\n<p class=\"link-more\"><a href=\"https:\/\/www.feuerwehr-schwetzingen.de\/?page_id=64\" class=\"more-link\"><span class=\"screen-reader-text\">\u201eTLF 16 (au\u00dfer Dienst)\u201c<\/span> weiterlesen<\/a><\/p>\n","protected":false},"author":1,"featured_media":0,"parent":0,"menu_order":0,"comment_status":"closed","ping_status":"closed","template":"","meta":{"ngg_post_thumbnail":0,"footnotes":""},"class_list":["post-64","page","type-page","status-publish","hentry"],"_links":{"self":[{"href":"https:\/\/www.feuerwehr-schwetzingen.de\/index.php?rest_route=\/wp\/v2\/pages\/64","targetHints":{"allow":["GET"]}}],"collection":[{"href":"https:\/\/www.feuerwehr-schwetzingen.de\/index.php?rest_route=\/wp\/v2\/pages"}],"about":[{"href":"https:\/\/www.feuerwehr-schwetzingen.de\/index.php?rest_route=\/wp\/v2\/types\/page"}],"author":[{"embeddable":true,"href":"https:\/\/www.feuerwehr-schwetzingen.de\/index.php?rest_route=\/wp\/v2\/users\/1"}],"replies":[{"embeddable":true,"href":"https:\/\/www.feuerwehr-schwetzingen.de\/index.php?rest_route=%2Fwp%2Fv2%2Fcomments&post=64"}],"version-history":[{"count":7,"href":"https:\/\/www.feuerwehr-schwetzingen.de\/index.php?rest_route=\/wp\/v2\/pages\/64\/revisions"}],"predecessor-version":[{"id":787593,"href":"https:\/\/www.feuerwehr-schwetzingen.de\/index.php?rest_route=\/wp\/v2\/pages\/64\/revisions\/787593"}],"wp:attachment":[{"href":"https:\/\/www.feuerwehr-schwetzingen.de\/index.php?rest_route=%2Fwp%2Fv2%2Fmedia&parent=64"}],"curies":[{"name":"wp","href":"https:\/\/api.w.org\/{rel}","templated":true}]}}