{"id":88,"date":"2017-02-17T17:55:51","date_gmt":"2017-02-17T16:55:51","guid":{"rendered":"http:\/\/wordpress.feuerwehr-schwetzingen.de\/?page_id=88"},"modified":"2018-08-14T21:45:23","modified_gmt":"2018-08-14T19:45:23","slug":"tlf-818-w-ausser-dienst","status":"publish","type":"page","link":"https:\/\/www.feuerwehr-schwetzingen.de\/?page_id=88","title":{"rendered":"TLF 8\/18-W (au\u00dfer Dienst)"},"content":{"rendered":"ngg_shortcode_0_placeholder\n<table>\n<tr>\n<td><b><i>Rufname:<\/i><\/b><\/td>\n<td>Florian Schwetzingen 21\/2<\/td>\n<\/tr>\n<tr>\n<td><b><i>Fahrgestell:<\/i><\/b><\/td>\n<td>Mercedes Benz Unimog 1300L<\/td>\n<\/tr>\n<tr>\n<td><b><i>Aufbauhersteller:<\/i><\/b><\/td>\n<td>Metz<\/td>\n<\/tr>\n<tr>\n<td><b><i>Baujahr:<\/i><\/b><\/td>\n<td>1980<\/td>\n<\/tr>\n<tr>\n<td><b><i>Au\u00dferdienststellung:<\/i><\/b><\/td>\n<td>2013<\/td>\n<\/tr>\n<\/table>\n<p><b><i>Beschreibung \/ Verwendungszweck:<\/i><\/b><\/p>\n<p>Das TLF 8\/18W ist ein Einsatzfahrzeug zur allgemeinen Brandbek\u00e4mpfung und zur Brandbek\u00e4mpfung von Entstehungsbr\u00e4nden in schwer zug\u00e4nglichen Waldgebieten mit unzureichender Wasserversorgung.Die Besatzung besteht aus drei Feuerwehrangeh\u00f6rigen<\/p>\n<p><b><i>Beladung \/ Ausstattung:<\/i><\/b><\/p>\n<ul>\n<li>Feuerl\u00f6schkreiselpumpe mit einer Leistung von 800 l\/min<\/li>\n<li>Tankinhalt 1800 Liter Wasser<\/li>\n<li>2 Pressluftatmer<\/li>\n<li>tragbarer Wasserwerfer<\/li>\n<li>Dachluke im Fahrerhaus mit Schnellangriffseinrichtung auf dem Fahrzeugdach<\/li>\n<\/ul>\n","protected":false},"excerpt":{"rendered":"<p>Rufname: Florian Schwetzingen 21\/2 Fahrgestell: Mercedes Benz Unimog 1300L Aufbauhersteller: Metz Baujahr: 1980 Au\u00dferdienststellung: 2013 Beschreibung \/ Verwendungszweck: Das TLF 8\/18W ist ein Einsatzfahrzeug zur allgemeinen Brandbek\u00e4mpfung und zur Brandbek\u00e4mpfung von Entstehungsbr\u00e4nden in schwer zug\u00e4nglichen Waldgebieten mit unzureichender Wasserversorgung.Die Besatzung besteht aus drei Feuerwehrangeh\u00f6rigen Beladung \/ Ausstattung: Feuerl\u00f6schkreiselpumpe mit einer Leistung von 800 l\/min Tankinhalt &hellip; <\/p>\n<p class=\"link-more\"><a href=\"https:\/\/www.feuerwehr-schwetzingen.de\/?page_id=88\" class=\"more-link\"><span class=\"screen-reader-text\">\u201eTLF 8\/18-W (au\u00dfer Dienst)\u201c<\/span> weiterlesen<\/a><\/p>\n","protected":false},"author":1,"featured_media":0,"parent":0,"menu_order":0,"comment_status":"closed","ping_status":"closed","template":"","meta":{"ngg_post_thumbnail":0,"footnotes":""},"class_list":["post-88","page","type-page","status-publish","hentry"],"_links":{"self":[{"href":"https:\/\/www.feuerwehr-schwetzingen.de\/index.php?rest_route=\/wp\/v2\/pages\/88","targetHints":{"allow":["GET"]}}],"collection":[{"href":"https:\/\/www.feuerwehr-schwetzingen.de\/index.php?rest_route=\/wp\/v2\/pages"}],"about":[{"href":"https:\/\/www.feuerwehr-schwetzingen.de\/index.php?rest_route=\/wp\/v2\/types\/page"}],"author":[{"embeddable":true,"href":"https:\/\/www.feuerwehr-schwetzingen.de\/index.php?rest_route=\/wp\/v2\/users\/1"}],"replies":[{"embeddable":true,"href":"https:\/\/www.feuerwehr-schwetzingen.de\/index.php?rest_route=%2Fwp%2Fv2%2Fcomments&post=88"}],"version-history":[{"count":5,"href":"https:\/\/www.feuerwehr-schwetzingen.de\/index.php?rest_route=\/wp\/v2\/pages\/88\/revisions"}],"predecessor-version":[{"id":27697,"href":"https:\/\/www.feuerwehr-schwetzingen.de\/index.php?rest_route=\/wp\/v2\/pages\/88\/revisions\/27697"}],"wp:attachment":[{"href":"https:\/\/www.feuerwehr-schwetzingen.de\/index.php?rest_route=%2Fwp%2Fv2%2Fmedia&parent=88"}],"curies":[{"name":"wp","href":"https:\/\/api.w.org\/{rel}","templated":true}]}}